{"id":11963,"date":"2024-03-15T08:51:10","date_gmt":"2024-03-15T07:51:10","guid":{"rendered":"https:\/\/digidion.pl\/?page_id=11963"},"modified":"2024-03-15T10:37:48","modified_gmt":"2024-03-15T09:37:48","slug":"banery-wyborcze","status":"publish","type":"page","link":"https:\/\/digidion.pl\/index.php\/banery-wyborcze\/","title":{"rendered":"Banery"},"content":{"rendered":"<p>[vc_row][vc_column width=&#8221;1\/4&#8243;][vc_column_text]Plakaty wyborcze[\/vc_column_text][\/vc_column][vc_column width=&#8221;1\/2&#8243;][vc_column_text]<\/p>\n<h1 style=\"text-align: center;\">Banery Wyborcze 2024<\/h1>\n<p>[\/vc_column_text][\/vc_column][vc_column width=&#8221;1\/4&#8243;][vc_column_text]Ulotki wyborcze[\/vc_column_text][\/vc_column][\/vc_row][vc_row][vc_column][vc_empty_space][\/vc_column][\/vc_row][vc_row][vc_column width=&#8221;2\/3&#8243;][vc_column_text]<\/p>\n<h2>Firma Digidion przygotowa\u0142a specjaln\u0105 ofert\u0119 druku baner\u00f3w wyborczych laminowane o gramaturze 330g\/m2 wyko\u0144czone zak\u0142adk\u0105 i oczkowaniem co 50 cm.<\/h2>\n<h3>Szybkie terminy realizacji.<\/h3>\n<p>[\/vc_column_text][\/vc_column][vc_column width=&#8221;1\/3&#8243;][vc_single_image image=&#8221;11719&#8243; img_size=&#8221;large&#8221; alignment=&#8221;center&#8221;][\/vc_column][\/vc_row][vc_row][vc_column width=&#8221;1\/4&#8243;][vc_column_text]Dowolny rozmiar.[\/vc_column_text][\/vc_column][vc_column width=&#8221;3\/4&#8243;][vc_round_chart type=&#8221;doughnut&#8221; style=&#8221;modern&#8221; stroke_width=&#8221;2&#8243; values=&#8221;%5B%7B%22title%22%3A%22Banery%20do%2010%20szt.%2035z%C5%82%20netto%22%2C%22value%22%3A%2233%22%2C%22color%22%3A%22orange%22%7D%2C%7B%22title%22%3A%22Banery%20do%2029%20szt.%2027z%C5%82%20netto%22%2C%22value%22%3A%2233%22%2C%22color%22%3A%22purple%22%7D%2C%7B%22title%22%3A%22Banery%20od%2030%20szt.%2022z%C5%82%20netto%22%2C%22value%22%3A%2233%22%2C%22color%22%3A%22juicy-pink%22%7D%5D&#8221;][\/vc_column][\/vc_row][vc_row][vc_column][vc_empty_space][\/vc_column][\/vc_row]<\/p>\n","protected":false},"excerpt":{"rendered":"<p>[vc_row][vc_column width=&#8221;1\/4&#8243;][vc_column_text]Plakaty wyborcze[\/vc_column_text][\/vc_column][vc_column width=&#8221;1\/2&#8243;][vc_column_text] Banery Wyborcze 2024 [\/vc_column_text][\/vc_column][vc_column width=&#8221;1\/4&#8243;][vc_column_text]Ulotki wyborcze[\/vc_column_text][\/vc_column][\/vc_row][vc_row][vc_column][vc_empty_space][\/vc_column][\/vc_row][vc_row][vc_column width=&#8221;2\/3&#8243;][vc_column_text] Firma Digidion przygotowa\u0142a specjaln\u0105 ofert\u0119 druku baner\u00f3w wyborczych laminowane o gramaturze 330g\/m2 wyko\u0144czone zak\u0142adk\u0105 i oczkowaniem co 50 cm. Szybkie terminy realizacji. [\/vc_column_text][\/vc_column][vc_column width=&#8221;1\/3&#8243;][vc_single_image image=&#8221;11719&#8243; img_size=&#8221;large&#8221; alignment=&#8221;center&#8221;][\/vc_column][\/vc_row][vc_row][vc_column width=&#8221;1\/4&#8243;][vc_column_text]Dowolny rozmiar.[\/vc_column_text][\/vc_column][vc_column width=&#8221;3\/4&#8243;][vc_round_chart type=&#8221;doughnut&#8221; style=&#8221;modern&#8221; stroke_width=&#8221;2&#8243; values=&#8221;%5B%7B%22title%22%3A%22Banery%20do%2010%20szt.%2035z%C5%82%20netto%22%2C%22value%22%3A%2233%22%2C%22color%22%3A%22orange%22%7D%2C%7B%22title%22%3A%22Banery%20do%2029%20szt.%2027z%C5%82%20netto%22%2C%22value%22%3A%2233%22%2C%22color%22%3A%22purple%22%7D%2C%7B%22title%22%3A%22Banery%20od%2030%20szt.%2022z%C5%82%20netto%22%2C%22value%22%3A%2233%22%2C%22color%22%3A%22juicy-pink%22%7D%5D&#8221;][\/vc_column][\/vc_row][vc_row][vc_column][vc_empty_space][\/vc_column][\/vc_row]<\/p>\n","protected":false},"author":1,"featured_media":0,"parent":0,"menu_order":0,"comment_status":"closed","ping_status":"closed","template":"","meta":{"footnotes":""},"class_list":["post-11963","page","type-page","status-publish","hentry"],"yoast_head":"<!-- This site is optimized with the Yoast SEO plugin v25.7 - https:\/\/yoast.com\/wordpress\/plugins\/seo\/ -->\n<title>Banery - Digidion<\/title>\n<meta name=\"description\" content=\"Szybki i ekonomiczny druk baner\u00f3w wyborczych na wybory 2024 - Katowice, Rybnik, Wodzis\u0142aw, Chorz\u00f3w, Zabrze, Gliwice, Sosnowiec, Mys\u0142owice.\" \/>\n<meta name=\"robots\" content=\"index, follow, max-snippet:-1, max-image-preview:large, max-video-preview:-1\" \/>\n<link rel=\"canonical\" href=\"https:\/\/digidion.pl\/index.php\/banery-wyborcze\/\" \/>\n<meta property=\"og:locale\" content=\"pl_PL\" \/>\n<meta property=\"og:type\" content=\"article\" \/>\n<meta property=\"og:title\" content=\"Banery - Digidion\" \/>\n<meta property=\"og:description\" content=\"Szybki i ekonomiczny druk baner\u00f3w wyborczych na wybory 2024 - Katowice, Rybnik, Wodzis\u0142aw, Chorz\u00f3w, Zabrze, Gliwice, Sosnowiec, Mys\u0142owice.\" \/>\n<meta property=\"og:url\" content=\"https:\/\/digidion.pl\/index.php\/banery-wyborcze\/\" \/>\n<meta property=\"og:site_name\" content=\"Digidion\" \/>\n<meta property=\"article:publisher\" content=\"https:\/\/www.facebook.com\/DIGIDION-214358388603648\" \/>\n<meta property=\"article:modified_time\" content=\"2024-03-15T09:37:48+00:00\" \/>\n<meta name=\"twitter:card\" content=\"summary_large_image\" \/>\n<meta name=\"twitter:label1\" content=\"Szacowany czas czytania\" \/>\n\t<meta name=\"twitter:data1\" content=\"1 minuta\" \/>\n<script type=\"application\/ld+json\" class=\"yoast-schema-graph\">{\"@context\":\"https:\/\/schema.org\",\"@graph\":[{\"@type\":\"WebPage\",\"@id\":\"https:\/\/digidion.pl\/index.php\/banery-wyborcze\/\",\"url\":\"https:\/\/digidion.pl\/index.php\/banery-wyborcze\/\",\"name\":\"Banery - Digidion\",\"isPartOf\":{\"@id\":\"https:\/\/digidion.pl\/#website\"},\"datePublished\":\"2024-03-15T07:51:10+00:00\",\"dateModified\":\"2024-03-15T09:37:48+00:00\",\"description\":\"Szybki i ekonomiczny druk baner\u00f3w wyborczych na wybory 2024 - Katowice, Rybnik, Wodzis\u0142aw, Chorz\u00f3w, Zabrze, Gliwice, Sosnowiec, Mys\u0142owice.\",\"breadcrumb\":{\"@id\":\"https:\/\/digidion.pl\/index.php\/banery-wyborcze\/#breadcrumb\"},\"inLanguage\":\"pl-PL\",\"potentialAction\":[{\"@type\":\"ReadAction\",\"target\":[\"https:\/\/digidion.pl\/index.php\/banery-wyborcze\/\"]}]},{\"@type\":\"BreadcrumbList\",\"@id\":\"https:\/\/digidion.pl\/index.php\/banery-wyborcze\/#breadcrumb\",\"itemListElement\":[{\"@type\":\"ListItem\",\"position\":1,\"name\":\"Strona g\u0142\u00f3wna\",\"item\":\"https:\/\/digidion.pl\/\"},{\"@type\":\"ListItem\",\"position\":2,\"name\":\"Banery\"}]},{\"@type\":\"WebSite\",\"@id\":\"https:\/\/digidion.pl\/#website\",\"url\":\"https:\/\/digidion.pl\/\",\"name\":\"Studio Reklamy Digidion SP z o. o.\",\"description\":\"Studio Reklamy Digidion drukarnia wielkoformatowa.\",\"publisher\":{\"@id\":\"https:\/\/digidion.pl\/#organization\"},\"potentialAction\":[{\"@type\":\"SearchAction\",\"target\":{\"@type\":\"EntryPoint\",\"urlTemplate\":\"https:\/\/digidion.pl\/?s={search_term_string}\"},\"query-input\":{\"@type\":\"PropertyValueSpecification\",\"valueRequired\":true,\"valueName\":\"search_term_string\"}}],\"inLanguage\":\"pl-PL\"},{\"@type\":\"Organization\",\"@id\":\"https:\/\/digidion.pl\/#organization\",\"name\":\"Studio Reklamy Digidion sp. z o.o.\",\"url\":\"https:\/\/digidion.pl\/\",\"logo\":{\"@type\":\"ImageObject\",\"inLanguage\":\"pl-PL\",\"@id\":\"https:\/\/digidion.pl\/#\/schema\/logo\/image\/\",\"url\":\"https:\/\/digidion.pl\/wp-content\/uploads\/2019\/02\/logosmall.png\",\"contentUrl\":\"https:\/\/digidion.pl\/wp-content\/uploads\/2019\/02\/logosmall.png\",\"width\":501,\"height\":191,\"caption\":\"Studio Reklamy Digidion sp. z o.o.\"},\"image\":{\"@id\":\"https:\/\/digidion.pl\/#\/schema\/logo\/image\/\"},\"sameAs\":[\"https:\/\/www.facebook.com\/DIGIDION-214358388603648\"]}]}<\/script>\n<!-- \/ Yoast SEO plugin. -->","yoast_head_json":{"title":"Banery - Digidion","description":"Szybki i ekonomiczny druk baner\u00f3w wyborczych na wybory 2024 - Katowice, Rybnik, Wodzis\u0142aw, Chorz\u00f3w, Zabrze, Gliwice, Sosnowiec, Mys\u0142owice.","robots":{"index":"index","follow":"follow","max-snippet":"max-snippet:-1","max-image-preview":"max-image-preview:large","max-video-preview":"max-video-preview:-1"},"canonical":"https:\/\/digidion.pl\/index.php\/banery-wyborcze\/","og_locale":"pl_PL","og_type":"article","og_title":"Banery - Digidion","og_description":"Szybki i ekonomiczny druk baner\u00f3w wyborczych na wybory 2024 - Katowice, Rybnik, Wodzis\u0142aw, Chorz\u00f3w, Zabrze, Gliwice, Sosnowiec, Mys\u0142owice.","og_url":"https:\/\/digidion.pl\/index.php\/banery-wyborcze\/","og_site_name":"Digidion","article_publisher":"https:\/\/www.facebook.com\/DIGIDION-214358388603648","article_modified_time":"2024-03-15T09:37:48+00:00","twitter_card":"summary_large_image","twitter_misc":{"Szacowany czas czytania":"1 minuta"},"schema":{"@context":"https:\/\/schema.org","@graph":[{"@type":"WebPage","@id":"https:\/\/digidion.pl\/index.php\/banery-wyborcze\/","url":"https:\/\/digidion.pl\/index.php\/banery-wyborcze\/","name":"Banery - Digidion","isPartOf":{"@id":"https:\/\/digidion.pl\/#website"},"datePublished":"2024-03-15T07:51:10+00:00","dateModified":"2024-03-15T09:37:48+00:00","description":"Szybki i ekonomiczny druk baner\u00f3w wyborczych na wybory 2024 - Katowice, Rybnik, Wodzis\u0142aw, Chorz\u00f3w, Zabrze, Gliwice, Sosnowiec, Mys\u0142owice.","breadcrumb":{"@id":"https:\/\/digidion.pl\/index.php\/banery-wyborcze\/#breadcrumb"},"inLanguage":"pl-PL","potentialAction":[{"@type":"ReadAction","target":["https:\/\/digidion.pl\/index.php\/banery-wyborcze\/"]}]},{"@type":"BreadcrumbList","@id":"https:\/\/digidion.pl\/index.php\/banery-wyborcze\/#breadcrumb","itemListElement":[{"@type":"ListItem","position":1,"name":"Strona g\u0142\u00f3wna","item":"https:\/\/digidion.pl\/"},{"@type":"ListItem","position":2,"name":"Banery"}]},{"@type":"WebSite","@id":"https:\/\/digidion.pl\/#website","url":"https:\/\/digidion.pl\/","name":"Studio Reklamy Digidion SP z o. o.","description":"Studio Reklamy Digidion drukarnia wielkoformatowa.","publisher":{"@id":"https:\/\/digidion.pl\/#organization"},"potentialAction":[{"@type":"SearchAction","target":{"@type":"EntryPoint","urlTemplate":"https:\/\/digidion.pl\/?s={search_term_string}"},"query-input":{"@type":"PropertyValueSpecification","valueRequired":true,"valueName":"search_term_string"}}],"inLanguage":"pl-PL"},{"@type":"Organization","@id":"https:\/\/digidion.pl\/#organization","name":"Studio Reklamy Digidion sp. z o.o.","url":"https:\/\/digidion.pl\/","logo":{"@type":"ImageObject","inLanguage":"pl-PL","@id":"https:\/\/digidion.pl\/#\/schema\/logo\/image\/","url":"https:\/\/digidion.pl\/wp-content\/uploads\/2019\/02\/logosmall.png","contentUrl":"https:\/\/digidion.pl\/wp-content\/uploads\/2019\/02\/logosmall.png","width":501,"height":191,"caption":"Studio Reklamy Digidion sp. z o.o."},"image":{"@id":"https:\/\/digidion.pl\/#\/schema\/logo\/image\/"},"sameAs":["https:\/\/www.facebook.com\/DIGIDION-214358388603648"]}]}},"_links":{"self":[{"href":"https:\/\/digidion.pl\/index.php\/wp-json\/wp\/v2\/pages\/11963","targetHints":{"allow":["GET"]}}],"collection":[{"href":"https:\/\/digidion.pl\/index.php\/wp-json\/wp\/v2\/pages"}],"about":[{"href":"https:\/\/digidion.pl\/index.php\/wp-json\/wp\/v2\/types\/page"}],"author":[{"embeddable":true,"href":"https:\/\/digidion.pl\/index.php\/wp-json\/wp\/v2\/users\/1"}],"replies":[{"embeddable":true,"href":"https:\/\/digidion.pl\/index.php\/wp-json\/wp\/v2\/comments?post=11963"}],"version-history":[{"count":16,"href":"https:\/\/digidion.pl\/index.php\/wp-json\/wp\/v2\/pages\/11963\/revisions"}],"predecessor-version":[{"id":11979,"href":"https:\/\/digidion.pl\/index.php\/wp-json\/wp\/v2\/pages\/11963\/revisions\/11979"}],"wp:attachment":[{"href":"https:\/\/digidion.pl\/index.php\/wp-json\/wp\/v2\/media?parent=11963"}],"curies":[{"name":"wp","href":"https:\/\/api.w.org\/{rel}","templated":true}]}}